{"id":2,"date":"2026-03-20T14:34:45","date_gmt":"2026-03-20T14:34:45","guid":{"rendered":"https:\/\/www.revenuaudience.fr\/?page_id=2"},"modified":"2026-03-27T10:43:32","modified_gmt":"2026-03-27T10:43:32","slug":"monetiser-son-audience","status":"publish","type":"page","link":"https:\/\/www.revenuaudience.fr\/","title":{"rendered":"Comment mon\u00e9tiser son audience sur Instagram ou TikTok"},"content":{"rendered":"\n<div class=\"wp-block-cover is-light has-custom-content-position is-position-top-center\" style=\"min-height:280px;aspect-ratio:unset;\"><img loading=\"lazy\" decoding=\"async\" width=\"1601\" height=\"498\" class=\"wp-block-cover__image-background wp-image-85 size-full\" alt=\"mon\u00e9tiser son audience sur Instagram ou TikTok\" src=\"https:\/\/www.revenuaudience.fr\/wp-content\/uploads\/2026\/03\/bandeau2-site.png\" data-object-fit=\"cover\" srcset=\"https:\/\/www.revenuaudience.fr\/wp-content\/uploads\/2026\/03\/bandeau2-site.png 1601w, https:\/\/www.revenuaudience.fr\/wp-content\/uploads\/2026\/03\/bandeau2-site-300x93.png 300w, https:\/\/www.revenuaudience.fr\/wp-content\/uploads\/2026\/03\/bandeau2-site-1024x319.png 1024w, https:\/\/www.revenuaudience.fr\/wp-content\/uploads\/2026\/03\/bandeau2-site-768x239.png 768w, https:\/\/www.revenuaudience.fr\/wp-content\/uploads\/2026\/03\/bandeau2-site-1536x478.png 1536w\" sizes=\"auto, (max-width: 1601px) 100vw, 1601px\" \/><span aria-hidden=\"true\" class=\"wp-block-cover__background has-background-dim-10 has-background-dim\" style=\"background-color:#8e7d76\"><\/span><div class=\"wp-block-cover__inner-container is-layout-constrained wp-block-cover-is-layout-constrained\">\n<h1 class=\"wp-block-heading has-text-align-center has-white-color has-text-color has-link-color wp-elements-b1e6814937dff714eecdfae57eef574d\" style=\"font-size:25px\"><br>Vous avez une audience.<br>Est-elle pr\u00eate \u00e0 vous soutenir\u2026<br>et vous g\u00e9n\u00e9rer un revenu ?<\/h1>\n<\/div><\/div>\n\n\n\n<div style=\"height:30px\" aria-hidden=\"true\" class=\"wp-block-spacer\"><\/div>\n\n\n\n<p class=\"has-text-align-center\" style=\"font-size:16px\">Vous avez une audience sur Instagram, TikTok ou sur les r\u00e9seaux sociaux et vous vous demandez comment la mon\u00e9tiser ?<br>Cette page vous explique comment mon\u00e9tiser son audience simplement en proposant un produit adapt\u00e9 \u00e0 sa communaut\u00e9, sans g\u00e9rer la production ni la logistique.<\/p>\n\n\n\n<div style=\"height:30px\" aria-hidden=\"true\" class=\"wp-block-spacer\"><\/div>\n\n\n\n<h2 class=\"wp-block-heading has-text-align-center\"><strong>Pourquoi mon\u00e9tiser votre audience ?<\/strong><\/h2>\n\n\n\n<p class=\"has-text-align-center\" style=\"font-size:16px\">Mon\u00e9tiser votre audience permet de transformer l&rsquo;engagement de votre communaut\u00e9 en revenu.<br>Beaucoup de cr\u00e9ateurs disposent d&rsquo;une audience active sur Instagram ou TikTok mais ne savent pas comment en tirer un revenu.<\/p>\n\n\n\n<p class=\"has-text-align-center has-text-color has-link-color wp-elements-aefa9c29565484023d1c51b9188561b5\" style=\"color:#218201;font-size:16px\"><strong>Proposer un produit adapt\u00e9 \u00e0 votre communaut\u00e9 est l&rsquo;une des m\u00e9thodes les plus simples pour mon\u00e9tiser votre audience.<\/strong><\/p>\n\n\n\n<p class=\"has-text-align-center\" style=\"font-size:16px\">On cr\u00e9e un produit qui vous ressemble.<br>Vous le partagez&#8230; vous touchez une commission.<br>On s\u2019occupe du reste.<\/p>\n\n\n\n<div style=\"height:30px\" aria-hidden=\"true\" class=\"wp-block-spacer\"><\/div>\n\n\n\n<div class=\"wp-block-buttons is-content-justification-center is-layout-flex wp-container-core-buttons-is-layout-16018d1d wp-block-buttons-is-layout-flex\">\n<div class=\"wp-block-button\"><a class=\"wp-block-button__link has-white-color has-text-color has-background has-link-color wp-element-button\" href=\"#test\" style=\"background-color:#218201\"><strong>Tester mon audience<\/strong><\/a><\/div>\n<\/div>\n\n\n\n<div style=\"height:30px\" aria-hidden=\"true\" class=\"wp-block-spacer\"><\/div>\n\n\n\n<h2 class=\"wp-block-heading has-text-align-center\"><strong>Votre audience peut d\u00e9j\u00e0 \u00eatre mon\u00e9tis\u00e9e&#8230;<\/strong><\/h2>\n\n\n\n<p class=\"has-text-align-center\" style=\"font-size:16px\">Des likes, des commentaires, des messages\u2026<br>Votre audience est l\u00e0.<\/p>\n\n\n\n<p class=\"has-text-align-center has-text-color has-link-color wp-elements-c191d17f2043cf628543b6fe6e5ad838\" style=\"color:#218201;font-size:16px\"><strong>Et si elle pouvait vous rapporter quelque chose ?<\/strong><\/p>\n\n\n\n<p class=\"has-text-align-center\" style=\"font-size:16px\">Beaucoup de cr\u00e9ateurs cherchent aujourd&rsquo;hui comment gagner de l&rsquo;argent avec leur audience sans transformer leur contenu en publicit\u00e9 permanente.<\/p>\n\n\n\n<div style=\"height:30px\" aria-hidden=\"true\" class=\"wp-block-spacer\"><\/div>\n\n\n\n<h2 class=\"wp-block-heading has-text-align-center\"><strong>Comment gagner de l&rsquo;argent avec votre audience ?<\/strong><\/h2>\n\n\n\n<div style=\"height:10px\" aria-hidden=\"true\" class=\"wp-block-spacer\"><\/div>\n\n\n\n<p class=\"has-text-align-center\" style=\"font-size:16px\">Ce mod\u00e8le permet de tirer des revenus de votre audience simplement, en proposant un produit \u00e0 votre communaut\u00e9.<\/p>\n\n\n\n<div style=\"height:20px\" aria-hidden=\"true\" class=\"wp-block-spacer\"><\/div>\n\n\n\n<div class=\"steps\">\n  <div class=\"step\">\n    <span class=\"step-number\">1<\/span>\n    <h3>On cr\u00e9e<\/h3>\n    <p> On cr\u00e9e un produit simple et qui te ressemble<\/p>\n  <\/div>\n\n  <div class=\"step\">\n    <span class=\"step-number\">2<\/span>\n    <h3>Tu partages<\/h3>\n    <p> Tu en parles \u00e0 ton audience avec un lien<\/p>\n  <\/div>\n\n  <div class=\"step\">\n    <span class=\"step-number\">3<\/span>\n    <h3>Tu touches<\/h3>\n    <p> Tu touches une commission \u00e0 chaque vente<\/p>\n  <\/div>\n<\/div>\n\n\n\n<div style=\"height:30px\" aria-hidden=\"true\" class=\"wp-block-spacer\"><\/div>\n\n\n\n<h2 class=\"wp-block-heading has-text-align-center\"><strong>Simple. Rapide. Sans prise de t\u00eate.<\/strong><\/h2>\n\n\n\n<ul class=\"wp-block-list\">\n<li style=\"font-size:16px\">On s&rsquo;occupe de la production<\/li>\n\n\n\n<li style=\"font-size:16px\">On g\u00e8re les commandes<\/li>\n\n\n\n<li style=\"font-size:16px\">On g\u00e8re les envois<\/li>\n\n\n\n<li style=\"font-size:16px\">Vous vous concentrez sur votre contenu !<\/li>\n<\/ul>\n\n\n\n<div class=\"wp-block-buttons is-content-justification-center is-layout-flex wp-container-core-buttons-is-layout-16018d1d wp-block-buttons-is-layout-flex\">\n<div class=\"wp-block-button\"><a class=\"wp-block-button__link has-white-color has-text-color has-background has-link-color wp-element-button\" href=\"#test\" style=\"background-color:#218201\"><strong>Tester mon audience<\/strong><\/a><\/div>\n<\/div>\n\n\n\n<div style=\"height:30px\" aria-hidden=\"true\" class=\"wp-block-spacer\"><\/div>\n\n\n\n<h2 class=\"wp-block-heading has-text-align-center\"><strong>Vous ne risquez rien<\/strong><\/h2>\n\n\n\n<ul class=\"wp-block-list\">\n<li style=\"font-size:16px\">Aucun engagement<\/li>\n\n\n\n<li style=\"font-size:16px\">Aucun co\u00fbt pour vous<\/li>\n\n\n\n<li style=\"font-size:16px\">Test simple sur quelques jours<\/li>\n<\/ul>\n\n\n\n<div style=\"height:30px\" aria-hidden=\"true\" class=\"wp-block-spacer\"><\/div>\n\n\n\n<h2 class=\"wp-block-heading has-text-align-center\"><strong>Combien peut rapporter votre audience ?<\/strong><\/h2>\n\n\n\n<p class=\"has-text-align-center\" style=\"font-size:16px\">Vous touchez une commission sur chaque vente.<\/p>\n\n\n\n<p class=\"has-text-align-center has-text-color has-link-color wp-elements-cfe78a698e75cb6785f9afb060cc7c7d\" style=\"color:#218201;font-size:16px\">Exemple simple :<br><strong>10 ventes = environ 60\u20ac<\/strong><\/p>\n\n\n\n<p class=\"has-text-align-center has-small-font-size\"><em>c\u2019est un exemple indicatif selon le produit et la commission<\/em><\/p>\n\n\n\n<p class=\"has-text-align-center\" style=\"font-size:16px\">Ce n&rsquo;est pas magique&#8230;<br>On teste. On voit ce qui fonctionne.<\/p>\n\n\n\n<div style=\"height:30px\" aria-hidden=\"true\" id=\"test\" class=\"wp-block-spacer\"><\/div>\n\n\n\n<h2 class=\"wp-block-heading has-text-align-center\"><strong>Vous voulez tester ?<\/strong><\/h2>\n\n\n\n<div style=\"height:20px\" aria-hidden=\"true\" class=\"wp-block-spacer\"><\/div>\n\n\n\n<p class=\"has-text-align-center\" style=\"font-size:16px\">Si vous voulez mon\u00e9tiser votre audience, ce test permet de voir rapidement si votre communaut\u00e9 est pr\u00eate.<\/p>\n\n\n\n<div style=\"height:20px\" aria-hidden=\"true\" class=\"wp-block-spacer\"><\/div>\n\n\n\n<div class=\"wpcf7 no-js\" id=\"wpcf7-f27-o1\" lang=\"fr-FR\" dir=\"ltr\" data-wpcf7-id=\"27\">\n<div class=\"screen-reader-response\"><p role=\"status\" aria-live=\"polite\" aria-atomic=\"true\"><\/p> <ul><\/ul><\/div>\n<form action=\"\/index.php?rest_route=%2Fwp%2Fv2%2Fpages%2F2#wpcf7-f27-o1\" method=\"post\" class=\"wpcf7-form init\" aria-label=\"Formulaire de contact\" novalidate=\"novalidate\" data-status=\"init\">\n<fieldset class=\"hidden-fields-container\"><input type=\"hidden\" name=\"_wpcf7\" value=\"27\" \/><input type=\"hidden\" name=\"_wpcf7_version\" value=\"6.1.5\" \/><input type=\"hidden\" name=\"_wpcf7_locale\" value=\"fr_FR\" \/><input type=\"hidden\" name=\"_wpcf7_unit_tag\" value=\"wpcf7-f27-o1\" \/><input type=\"hidden\" name=\"_wpcf7_container_post\" value=\"0\" \/><input type=\"hidden\" name=\"_wpcf7_posted_data_hash\" value=\"\" \/>\n<\/fieldset>\n<p><label> Ton pr\u00e9nom<br \/>\n<span class=\"wpcf7-form-control-wrap\" data-name=\"your-name\"><input size=\"40\" maxlength=\"400\" class=\"wpcf7-form-control wpcf7-text wpcf7-validates-as-required\" autocomplete=\"name\" aria-required=\"true\" aria-invalid=\"false\" value=\"\" type=\"text\" name=\"your-name\" \/><\/span> <\/label>\n<\/p>\n<p><label> Ton compte Instagram ou TikTok<br \/>\n<span class=\"wpcf7-form-control-wrap\" data-name=\"your-network\"><input size=\"40\" maxlength=\"400\" class=\"wpcf7-form-control wpcf7-text wpcf7-validates-as-required\" aria-required=\"true\" aria-invalid=\"false\" value=\"\" type=\"text\" name=\"your-network\" \/><\/span> <\/label>\n<\/p>\n<p><label> Ton nombre d'abonn\u00e9s<br \/>\n<span class=\"wpcf7-form-control-wrap\" data-name=\"nombre-abonnes\"><input size=\"40\" maxlength=\"400\" class=\"wpcf7-form-control wpcf7-text\" aria-invalid=\"false\" value=\"\" type=\"text\" name=\"nombre-abonnes\" \/><\/span> <\/label>\n<\/p>\n<p><label> Ton e-mail<br \/>\n<span class=\"wpcf7-form-control-wrap\" data-name=\"your-email\"><input size=\"40\" maxlength=\"400\" class=\"wpcf7-form-control wpcf7-email wpcf7-validates-as-required wpcf7-text wpcf7-validates-as-email\" autocomplete=\"email\" aria-required=\"true\" aria-invalid=\"false\" value=\"\" type=\"email\" name=\"your-email\" \/><\/span> <\/label>\n<\/p>\n<p><input class=\"wpcf7-form-control wpcf7-submit has-spinner\" type=\"submit\" value=\"Envoyer\" \/>\n<\/p><div class=\"wpcf7-response-output\" aria-hidden=\"true\"><\/div>\n<\/form>\n<\/div>\n\n\n\n\n<div style=\"height:30px\" aria-hidden=\"true\" class=\"wp-block-spacer\"><\/div>\n\n\n\n<h2 class=\"wp-block-heading has-text-align-center\"><strong>FAQ : mon\u00e9tiser son audience&#8230;<\/strong><\/h2>\n\n\n\n<h3 class=\"wp-block-heading has-text-align-center\">Comment mon\u00e9tiser son audience sur Instagram ou TikTok ?<\/h3>\n\n\n\n<p class=\"has-text-align-center\" style=\"font-size:16px\">Mon\u00e9tiser son audience consiste \u00e0 proposer un produit ou un service<br>adapt\u00e9 \u00e0 sa communaut\u00e9 afin de g\u00e9n\u00e9rer des ventes.<\/p>\n\n\n\n<div style=\"height:10px\" aria-hidden=\"true\" class=\"wp-block-spacer\"><\/div>\n\n\n\n<h3 class=\"wp-block-heading has-text-align-center\">Est-ce que je dois avancer de l\u2019argent ?<\/h3>\n\n\n\n<p class=\"has-text-align-center\" style=\"font-size:16px\">Non. Vous ne payez rien.<\/p>\n\n\n\n<div style=\"height:10px\" aria-hidden=\"true\" class=\"wp-block-spacer\"><\/div>\n\n\n\n<h3 class=\"wp-block-heading has-text-align-center\">Et si \u00e7a ne marche pas ?<\/h3>\n\n\n\n<p class=\"has-text-align-center\" style=\"font-size:16px\">On teste autre chose ou on arr\u00eate.<\/p>\n\n\n\n<div style=\"height:10px\" aria-hidden=\"true\" class=\"wp-block-spacer\"><\/div>\n\n\n\n<h3 class=\"wp-block-heading has-text-align-center\">Quand suis-je pay\u00e9 ?<\/h3>\n\n\n\n<p class=\"has-text-align-center\" style=\"font-size:16px\">Paiement mensuel, selon les ventes r\u00e9ellement r\u00e9alis\u00e9es.<\/p>\n\n\n\n<p><\/p>\n","protected":false},"excerpt":{"rendered":"<p>Vous avez une audience sur Instagram, TikTok ou sur les r\u00e9seaux sociaux et vous vous demandez comment la mon\u00e9tiser ?Cette page vous explique comment mon\u00e9tiser son audience simplement en proposant &#8230;<\/p>\n","protected":false},"author":1,"featured_media":0,"parent":0,"menu_order":0,"comment_status":"closed","ping_status":"open","template":"","meta":{"footnotes":""},"class_list":["post-2","page","type-page","status-publish","hentry"],"yoast_head":"<!-- This site is optimized with the Yoast SEO plugin v27.2 - https:\/\/yoast.com\/product\/yoast-seo-wordpress\/ -->\n<title>Mon\u00e9tiser son audience | Gagner de l&#039;argent avec sa communaut\u00e9<\/title>\n<meta name=\"description\" content=\"Tu as une audience Instagram ou TikTok ? D\u00e9couvre comment mon\u00e9tiser ton audience avec un produit cr\u00e9\u00e9 pour ta communaut\u00e9. Teste !\" \/>\n<meta name=\"robots\" content=\"index, follow, max-snippet:-1, max-image-preview:large, max-video-preview:-1\" \/>\n<link rel=\"canonical\" href=\"https:\/\/www.revenuaudience.fr\/\" \/>\n<meta property=\"og:locale\" content=\"fr_FR\" \/>\n<meta property=\"og:type\" content=\"article\" \/>\n<meta property=\"og:title\" content=\"Mon\u00e9tiser son audience | Gagner de l&#039;argent avec sa communaut\u00e9\" \/>\n<meta property=\"og:description\" content=\"Tu as une audience Instagram ou TikTok ? D\u00e9couvre comment mon\u00e9tiser ton audience avec un produit cr\u00e9\u00e9 pour ta communaut\u00e9. Teste !\" \/>\n<meta property=\"og:url\" content=\"https:\/\/www.revenuaudience.fr\/\" \/>\n<meta property=\"og:site_name\" content=\"RevenuAudience.fr\" \/>\n<meta property=\"article:modified_time\" content=\"2026-03-27T10:43:32+00:00\" \/>\n<meta property=\"og:image\" content=\"https:\/\/www.revenuaudience.fr\/wp-content\/uploads\/2026\/03\/bandeau2-site.png\" \/>\n\t<meta property=\"og:image:width\" content=\"1601\" \/>\n\t<meta property=\"og:image:height\" content=\"498\" \/>\n\t<meta property=\"og:image:type\" content=\"image\/png\" \/>\n<meta name=\"twitter:card\" content=\"summary_large_image\" \/>\n<meta name=\"twitter:label1\" content=\"Dur\u00e9e de lecture estim\u00e9e\" \/>\n\t<meta name=\"twitter:data1\" content=\"3 minutes\" \/>\n<script type=\"application\/ld+json\" class=\"yoast-schema-graph\">{\"@context\":\"https:\/\/schema.org\",\"@graph\":[{\"@type\":\"WebPage\",\"@id\":\"https:\/\/www.revenuaudience.fr\/\",\"url\":\"https:\/\/www.revenuaudience.fr\/\",\"name\":\"Mon\u00e9tiser son audience | Gagner de l'argent avec sa communaut\u00e9\",\"isPartOf\":{\"@id\":\"https:\/\/www.revenuaudience.fr\/#website\"},\"primaryImageOfPage\":{\"@id\":\"https:\/\/www.revenuaudience.fr\/#primaryimage\"},\"image\":{\"@id\":\"https:\/\/www.revenuaudience.fr\/#primaryimage\"},\"thumbnailUrl\":\"https:\/\/www.revenuaudience.fr\/wp-content\/uploads\/2026\/03\/bandeau2-site.png\",\"datePublished\":\"2026-03-20T14:34:45+00:00\",\"dateModified\":\"2026-03-27T10:43:32+00:00\",\"description\":\"Tu as une audience Instagram ou TikTok ? D\u00e9couvre comment mon\u00e9tiser ton audience avec un produit cr\u00e9\u00e9 pour ta communaut\u00e9. Teste !\",\"breadcrumb\":{\"@id\":\"https:\/\/www.revenuaudience.fr\/#breadcrumb\"},\"inLanguage\":\"fr-FR\",\"potentialAction\":[{\"@type\":\"ReadAction\",\"target\":[\"https:\/\/www.revenuaudience.fr\/\"]}]},{\"@type\":\"ImageObject\",\"inLanguage\":\"fr-FR\",\"@id\":\"https:\/\/www.revenuaudience.fr\/#primaryimage\",\"url\":\"https:\/\/www.revenuaudience.fr\/wp-content\/uploads\/2026\/03\/bandeau2-site.png\",\"contentUrl\":\"https:\/\/www.revenuaudience.fr\/wp-content\/uploads\/2026\/03\/bandeau2-site.png\",\"width\":1601,\"height\":498},{\"@type\":\"BreadcrumbList\",\"@id\":\"https:\/\/www.revenuaudience.fr\/#breadcrumb\",\"itemListElement\":[{\"@type\":\"ListItem\",\"position\":1,\"name\":\"Accueil\",\"item\":\"https:\/\/www.revenuaudience.fr\/\"},{\"@type\":\"ListItem\",\"position\":2,\"name\":\"Comment mon\u00e9tiser son audience sur Instagram ou TikTok\"}]},{\"@type\":\"WebSite\",\"@id\":\"https:\/\/www.revenuaudience.fr\/#website\",\"url\":\"https:\/\/www.revenuaudience.fr\/\",\"name\":\"RevenuAudience.fr\",\"description\":\"Testez votre audience !\",\"potentialAction\":[{\"@type\":\"SearchAction\",\"target\":{\"@type\":\"EntryPoint\",\"urlTemplate\":\"https:\/\/www.revenuaudience.fr\/?s={search_term_string}\"},\"query-input\":{\"@type\":\"PropertyValueSpecification\",\"valueRequired\":true,\"valueName\":\"search_term_string\"}}],\"inLanguage\":\"fr-FR\"}]}<\/script>\n<!-- \/ Yoast SEO plugin. -->","yoast_head_json":{"title":"Mon\u00e9tiser son audience | Gagner de l'argent avec sa communaut\u00e9","description":"Tu as une audience Instagram ou TikTok ? D\u00e9couvre comment mon\u00e9tiser ton audience avec un produit cr\u00e9\u00e9 pour ta communaut\u00e9. Teste !","robots":{"index":"index","follow":"follow","max-snippet":"max-snippet:-1","max-image-preview":"max-image-preview:large","max-video-preview":"max-video-preview:-1"},"canonical":"https:\/\/www.revenuaudience.fr\/","og_locale":"fr_FR","og_type":"article","og_title":"Mon\u00e9tiser son audience | Gagner de l'argent avec sa communaut\u00e9","og_description":"Tu as une audience Instagram ou TikTok ? D\u00e9couvre comment mon\u00e9tiser ton audience avec un produit cr\u00e9\u00e9 pour ta communaut\u00e9. Teste !","og_url":"https:\/\/www.revenuaudience.fr\/","og_site_name":"RevenuAudience.fr","article_modified_time":"2026-03-27T10:43:32+00:00","og_image":[{"width":1601,"height":498,"url":"https:\/\/www.revenuaudience.fr\/wp-content\/uploads\/2026\/03\/bandeau2-site.png","type":"image\/png"}],"twitter_card":"summary_large_image","twitter_misc":{"Dur\u00e9e de lecture estim\u00e9e":"3 minutes"},"schema":{"@context":"https:\/\/schema.org","@graph":[{"@type":"WebPage","@id":"https:\/\/www.revenuaudience.fr\/","url":"https:\/\/www.revenuaudience.fr\/","name":"Mon\u00e9tiser son audience | Gagner de l'argent avec sa communaut\u00e9","isPartOf":{"@id":"https:\/\/www.revenuaudience.fr\/#website"},"primaryImageOfPage":{"@id":"https:\/\/www.revenuaudience.fr\/#primaryimage"},"image":{"@id":"https:\/\/www.revenuaudience.fr\/#primaryimage"},"thumbnailUrl":"https:\/\/www.revenuaudience.fr\/wp-content\/uploads\/2026\/03\/bandeau2-site.png","datePublished":"2026-03-20T14:34:45+00:00","dateModified":"2026-03-27T10:43:32+00:00","description":"Tu as une audience Instagram ou TikTok ? D\u00e9couvre comment mon\u00e9tiser ton audience avec un produit cr\u00e9\u00e9 pour ta communaut\u00e9. Teste !","breadcrumb":{"@id":"https:\/\/www.revenuaudience.fr\/#breadcrumb"},"inLanguage":"fr-FR","potentialAction":[{"@type":"ReadAction","target":["https:\/\/www.revenuaudience.fr\/"]}]},{"@type":"ImageObject","inLanguage":"fr-FR","@id":"https:\/\/www.revenuaudience.fr\/#primaryimage","url":"https:\/\/www.revenuaudience.fr\/wp-content\/uploads\/2026\/03\/bandeau2-site.png","contentUrl":"https:\/\/www.revenuaudience.fr\/wp-content\/uploads\/2026\/03\/bandeau2-site.png","width":1601,"height":498},{"@type":"BreadcrumbList","@id":"https:\/\/www.revenuaudience.fr\/#breadcrumb","itemListElement":[{"@type":"ListItem","position":1,"name":"Accueil","item":"https:\/\/www.revenuaudience.fr\/"},{"@type":"ListItem","position":2,"name":"Comment mon\u00e9tiser son audience sur Instagram ou TikTok"}]},{"@type":"WebSite","@id":"https:\/\/www.revenuaudience.fr\/#website","url":"https:\/\/www.revenuaudience.fr\/","name":"RevenuAudience.fr","description":"Testez votre audience !","potentialAction":[{"@type":"SearchAction","target":{"@type":"EntryPoint","urlTemplate":"https:\/\/www.revenuaudience.fr\/?s={search_term_string}"},"query-input":{"@type":"PropertyValueSpecification","valueRequired":true,"valueName":"search_term_string"}}],"inLanguage":"fr-FR"}]}},"_links":{"self":[{"href":"https:\/\/www.revenuaudience.fr\/index.php?rest_route=\/wp\/v2\/pages\/2","targetHints":{"allow":["GET"]}}],"collection":[{"href":"https:\/\/www.revenuaudience.fr\/index.php?rest_route=\/wp\/v2\/pages"}],"about":[{"href":"https:\/\/www.revenuaudience.fr\/index.php?rest_route=\/wp\/v2\/types\/page"}],"author":[{"embeddable":true,"href":"https:\/\/www.revenuaudience.fr\/index.php?rest_route=\/wp\/v2\/users\/1"}],"replies":[{"embeddable":true,"href":"https:\/\/www.revenuaudience.fr\/index.php?rest_route=%2Fwp%2Fv2%2Fcomments&post=2"}],"version-history":[{"count":49,"href":"https:\/\/www.revenuaudience.fr\/index.php?rest_route=\/wp\/v2\/pages\/2\/revisions"}],"predecessor-version":[{"id":124,"href":"https:\/\/www.revenuaudience.fr\/index.php?rest_route=\/wp\/v2\/pages\/2\/revisions\/124"}],"wp:attachment":[{"href":"https:\/\/www.revenuaudience.fr\/index.php?rest_route=%2Fwp%2Fv2%2Fmedia&parent=2"}],"curies":[{"name":"wp","href":"https:\/\/api.w.org\/{rel}","templated":true}]}}